{"id":5620,"date":"2023-06-20T15:11:29","date_gmt":"2023-06-20T13:11:29","guid":{"rendered":"http:\/\/betubesrl.com\/air-cooler-tubes\/"},"modified":"2024-02-12T16:30:38","modified_gmt":"2024-02-12T15:30:38","slug":"tubi-per-aerotermi","status":"publish","type":"page","link":"https:\/\/betubesrl.com\/it\/tubi-per-aerotermi\/","title":{"rendered":"Tubi per Aerotermi"},"content":{"rendered":"\t\t<div data-elementor-type=\"wp-page\" data-elementor-id=\"5620\" class=\"elementor elementor-5620 elementor-5070\">\n\t\t\t\t\t\t\t\t\t<section class=\"elementor-section elementor-top-section elementor-element elementor-element-7386719 elementor-section-boxed elementor-section-height-default elementor-section-height-default wpr-particle-no wpr-jarallax-no wpr-parallax-no wpr-sticky-section-no\" data-id=\"7386719\" data-element_type=\"section\">\n\t\t\t\t\t\t<div class=\"elementor-container elementor-column-gap-default\">\n\t\t\t\t\t<div class=\"elementor-column elementor-col-100 elementor-top-column elementor-element elementor-element-90a4baa\" data-id=\"90a4baa\" data-element_type=\"column\">\n\t\t\t<div class=\"elementor-widget-wrap elementor-element-populated\">\n\t\t\t\t\t\t\t\t<div class=\"elementor-element elementor-element-591e941 elementor-widget elementor-widget-heading\" data-id=\"591e941\" data-element_type=\"widget\" data-widget_type=\"heading.default\">\n\t\t\t\t<div class=\"elementor-widget-container\">\n\t\t\t<h2 class=\"elementor-heading-title elementor-size-default\">Tubi per aerotermi (Air Coolers): vantaggi dell'utilizzo di tubi alettati e turbolatori negli scambiatori di calore Air Cooler.<\/h2>\t\t<\/div>\n\t\t\t\t<\/div>\n\t\t\t\t<div class=\"elementor-element elementor-element-29fb13c elementor-widget elementor-widget-text-editor\" data-id=\"29fb13c\" data-element_type=\"widget\" data-widget_type=\"text-editor.default\">\n\t\t\t\t<div class=\"elementor-widget-container\">\n\t\t\t\t\t\t\t<p>Gli scambiatori di calore del raffreddatore d&#8217;aria con tubi alettati (G-fin; L-fin; LL-fin: KL-fin; Extruded-fin) e turbolatori (turbulatori a nastro o turbolatori a filo) sono progettati per migliorare l&#8217;efficienza del trasferimento di calore tra un fluido (solitamente un gas o un liquido) e l&#8217;aria circostante. Questi scambiatori di calore sono comunemente utilizzati in varie applicazioni industriali, come centrali elettriche, raffinerie, impianti chimici e sistemi di climatizzazione (HVAC).<\/p>\t\t\t\t\t\t<\/div>\n\t\t\t\t<\/div>\n\t\t\t\t\t<\/div>\n\t\t<\/div>\n\t\t\t\t\t\t\t<\/div>\n\t\t<\/section>\n\t\t\t\t<section class=\"elementor-section elementor-top-section elementor-element elementor-element-aacc58c elementor-section-boxed elementor-section-height-default elementor-section-height-default wpr-particle-no wpr-jarallax-no wpr-parallax-no wpr-sticky-section-no\" data-id=\"aacc58c\" data-element_type=\"section\">\n\t\t\t\t\t\t<div class=\"elementor-container elementor-column-gap-default\">\n\t\t\t\t\t<div class=\"elementor-column elementor-col-50 elementor-top-column elementor-element elementor-element-f9053be\" data-id=\"f9053be\" data-element_type=\"column\">\n\t\t\t<div class=\"elementor-widget-wrap elementor-element-populated\">\n\t\t\t\t\t\t\t\t<div class=\"elementor-element elementor-element-f2af545 elementor-widget elementor-widget-text-editor\" data-id=\"f2af545\" data-element_type=\"widget\" data-widget_type=\"text-editor.default\">\n\t\t\t\t<div class=\"elementor-widget-container\">\n\t\t\t\t\t\t\t<h4>Tubi alettati per raffreddatori d&#8217;aria<\/h4><p>I tubi alettati (G-fin; L-fin; LL-fin: KL-fin; Extruded-fin) vengono utilizzati nei raffreddatori ad aria per aumentare la superficie di trasferimento del calore tra il fluido e l&#8217;aria. I tubi sono dotati di alette esterne attaccate alla superficie esterna, che aumentano efficacemente l&#8217;area di contatto con l&#8217;aria circostante. Questa superficie estesa migliora il trasferimento di calore facilitando una maggiore velocit\u00e0 di scambio termico.<\/p><h4>Turbolatori<\/h4><p>I turbolatori (turbulatori a nastro o turbolatori a filo) sono dispositivi inseriti all&#8217;interno dei tubi dello scambiatore di calore per interrompere il flusso del fluido e migliorare il trasferimento di calore. I turbolatori possono assumere varie forme, inclusi nastri avvolti (turbulatori a nastro), inserti elicoidali o strutture simili a bastoncini o hitrans (turbulatori a filo). Creando turbolenza o aumentando la velocit\u00e0 del fluido, i turbolatori migliorano il trasferimento di calore rompendo lo strato limite e promuovendo una migliore miscelazione tra il fluido e la parete del tubo.<\/p>\t\t\t\t\t\t<\/div>\n\t\t\t\t<\/div>\n\t\t\t\t\t<\/div>\n\t\t<\/div>\n\t\t\t\t<div class=\"elementor-column elementor-col-50 elementor-top-column elementor-element elementor-element-a22307d\" data-id=\"a22307d\" data-element_type=\"column\">\n\t\t\t<div class=\"elementor-widget-wrap elementor-element-populated\">\n\t\t\t\t\t\t\t\t<div class=\"elementor-element elementor-element-87f44df elementor-widget elementor-widget-image\" data-id=\"87f44df\" data-element_type=\"widget\" data-widget_type=\"image.default\">\n\t\t\t\t<div class=\"elementor-widget-container\">\n\t\t\t\t\t\t\t\t\t\t\t\t\t\t\t<img decoding=\"async\" width=\"800\" height=\"800\" src=\"https:\/\/betubesrl.com\/wp-content\/uploads\/2023\/06\/air-cooler-immagine.jpg\" class=\"attachment-large size-large wp-image-5178\" alt=\"\" srcset=\"https:\/\/betubesrl.com\/wp-content\/uploads\/2023\/06\/air-cooler-immagine.jpg 800w, https:\/\/betubesrl.com\/wp-content\/uploads\/2023\/06\/air-cooler-immagine-300x300.jpg 300w, https:\/\/betubesrl.com\/wp-content\/uploads\/2023\/06\/air-cooler-immagine-150x150.jpg 150w, https:\/\/betubesrl.com\/wp-content\/uploads\/2023\/06\/air-cooler-immagine-768x768.jpg 768w, https:\/\/betubesrl.com\/wp-content\/uploads\/2023\/06\/air-cooler-immagine-540x540.jpg 540w, https:\/\/betubesrl.com\/wp-content\/uploads\/2023\/06\/air-cooler-immagine-240x240.jpg 240w\" sizes=\"(max-width: 800px) 100vw, 800px\" \/>\t\t\t\t\t\t\t\t\t\t\t\t\t\t\t<\/div>\n\t\t\t\t<\/div>\n\t\t\t\t\t<\/div>\n\t\t<\/div>\n\t\t\t\t\t\t\t<\/div>\n\t\t<\/section>\n\t\t\t\t<section class=\"elementor-section elementor-top-section elementor-element elementor-element-9e62750 elementor-section-boxed elementor-section-height-default elementor-section-height-default wpr-particle-no wpr-jarallax-no wpr-parallax-no wpr-sticky-section-no\" data-id=\"9e62750\" data-element_type=\"section\">\n\t\t\t\t\t\t<div class=\"elementor-container elementor-column-gap-default\">\n\t\t\t\t\t<div class=\"elementor-column elementor-col-100 elementor-top-column elementor-element elementor-element-2a02861\" data-id=\"2a02861\" data-element_type=\"column\">\n\t\t\t<div class=\"elementor-widget-wrap elementor-element-populated\">\n\t\t\t\t\t\t\t\t<div class=\"elementor-element elementor-element-aede493 elementor-widget elementor-widget-heading\" data-id=\"aede493\" data-element_type=\"widget\" data-widget_type=\"heading.default\">\n\t\t\t\t<div class=\"elementor-widget-container\">\n\t\t\t<h5 class=\"elementor-heading-title elementor-size-default\">Quali sono i vantaggi dell\u2019utilizzo di tubi alettati e turbolatori negli scambiatori di calore dei raffreddatori d\u2019aria?<\/h5>\t\t<\/div>\n\t\t\t\t<\/div>\n\t\t\t\t\t<\/div>\n\t\t<\/div>\n\t\t\t\t\t\t\t<\/div>\n\t\t<\/section>\n\t\t\t\t<section class=\"elementor-section elementor-top-section elementor-element elementor-element-423e72f elementor-section-boxed elementor-section-height-default elementor-section-height-default wpr-particle-no wpr-jarallax-no wpr-parallax-no wpr-sticky-section-no\" data-id=\"423e72f\" data-element_type=\"section\">\n\t\t\t\t\t\t<div class=\"elementor-container elementor-column-gap-default\">\n\t\t\t\t\t<div class=\"elementor-column elementor-col-100 elementor-top-column elementor-element elementor-element-a3e1fa4\" data-id=\"a3e1fa4\" data-element_type=\"column\">\n\t\t\t<div class=\"elementor-widget-wrap elementor-element-populated\">\n\t\t\t\t\t\t\t\t<div class=\"elementor-element elementor-element-773dc8c elementor-widget elementor-widget-text-editor\" data-id=\"773dc8c\" data-element_type=\"widget\" data-widget_type=\"text-editor.default\">\n\t\t\t\t<div class=\"elementor-widget-container\">\n\t\t\t\t\t\t\t<p>L\u2019uso combinato di tubi alettati e turbolatori negli scambiatori di calore aircooler offre numerosi vantaggi:<\/p><ol><li><strong>Maggiore efficienza di trasferimento del calore<\/strong>: le alette sui tubi aumentano significativamente la superficie disponibile per lo scambio di calore, portando a migliori velocit\u00e0 di trasferimento del calore.<\/li><li><strong>Design<\/strong> <strong>compatto<\/strong>: le capacit\u00e0 migliorate di trasferimento del calore consentono la progettazione di scambiatori di calore pi\u00f9 piccoli, rendendoli pi\u00f9 efficienti in termini di spazio.<\/li><li><strong>Prestazioni migliorate<\/strong>: l&#8217;introduzione di turbolatori interrompe il flusso del fluido, migliorando il trasferimento di calore convettivo e riducendo lo spessore dello strato limite, con conseguente miglioramento delle prestazioni complessive.<\/li><li><strong>Risparmio<\/strong> <strong>energetico<\/strong>: la maggiore efficienza del trasferimento di calore pu\u00f2 ridurre la differenza di temperatura richiesta per lo scambio di calore, con conseguente risparmio energetico e miglioramento delle prestazioni del sistema.<\/li><li><strong>Resistenza alle incrostazioni:<\/strong><p>la presenza di alette e turbolatori pu\u00f2 aiutare a prevenire l&#8217;accumulo di depositi sulle superfici dei tubi, riducendo il rischio di incrostazioni e migliorando il funzionamento a lungo termine dello scambiatore di calore.<\/p><\/li><\/ol><p>Nel complesso, gli scambiatori di calore con refrigeratori d&#8217;aria con tubi alettati e turbolatori offrono una soluzione efficiente e compatta per applicazioni di trasferimento di calore in cui l&#8217;aria viene utilizzata come mezzo di raffreddamento. Sono particolarmente adatti per processi in cui lo spazio \u00e8 limitato e sono richieste elevate velocit\u00e0 di trasferimento del calore.<\/p>\t\t\t\t\t\t<\/div>\n\t\t\t\t<\/div>\n\t\t\t\t\t<\/div>\n\t\t<\/div>\n\t\t\t\t\t\t\t<\/div>\n\t\t<\/section>\n\t\t\t\t\t\t\t<\/div>\n\t\t","protected":false},"excerpt":{"rendered":"<p>Tubi per aerotermi (Air Coolers): vantaggi dell&#8217;utilizzo di tubi alettati e turbolatori negli scambiatori di calore Air Cooler. Gli scambiatori di calore del raffreddatore d&#8217;aria con tubi alettati (G-fin; L-fin; LL-fin: KL-fin; Extruded-fin) e turbolatori (turbulatori a nastro o turbolatori a filo) sono progettati per migliorare l&#8217;efficienza del trasferimento di calore tra un fluido (solitamente [&hellip;]<\/p>\n","protected":false},"author":1,"featured_media":0,"parent":0,"menu_order":0,"comment_status":"closed","ping_status":"closed","template":"","meta":{"footnotes":""},"yoast_head":"<!-- This site is optimized with the Yoast SEO plugin v20.8 - https:\/\/yoast.com\/wordpress\/plugins\/seo\/ -->\n<title>Tubi per Aerotermi | Be. Tube Srl<\/title>\n<meta name=\"description\" content=\"Be.Tube Srl ha brevettato un metodo innovativo per la produzione di tubi per aerotermi (air cooler). Visita il nostro sito!\" \/>\n<meta name=\"robots\" content=\"index, follow, max-snippet:-1, max-image-preview:large, max-video-preview:-1\" \/>\n<link rel=\"canonical\" href=\"https:\/\/betubesrl.com\/it\/tubi-per-aerotermi\/\" \/>\n<meta property=\"og:locale\" content=\"it_IT\" \/>\n<meta property=\"og:type\" content=\"article\" \/>\n<meta property=\"og:title\" content=\"Tubi per Aerotermi | Be. Tube Srl\" \/>\n<meta property=\"og:description\" content=\"Be.Tube Srl ha brevettato un metodo innovativo per la produzione di tubi per aerotermi (air cooler). Visita il nostro sito!\" \/>\n<meta property=\"og:url\" content=\"https:\/\/betubesrl.com\/it\/tubi-per-aerotermi\/\" \/>\n<meta property=\"og:site_name\" content=\"Be.Tube\" \/>\n<meta property=\"article:modified_time\" content=\"2024-02-12T15:30:38+00:00\" \/>\n<meta property=\"og:image\" content=\"http:\/\/betubesrl.com\/wp-content\/uploads\/2023\/06\/air-cooler-immagine.jpg\" \/>\n<meta name=\"twitter:card\" content=\"summary_large_image\" \/>\n<meta name=\"twitter:label1\" content=\"Tempo di lettura stimato\" \/>\n\t<meta name=\"twitter:data1\" content=\"3 minuti\" \/>\n<script type=\"application\/ld+json\" class=\"yoast-schema-graph\">{\"@context\":\"https:\/\/schema.org\",\"@graph\":[{\"@type\":\"WebPage\",\"@id\":\"https:\/\/betubesrl.com\/it\/tubi-per-aerotermi\/\",\"url\":\"https:\/\/betubesrl.com\/it\/tubi-per-aerotermi\/\",\"name\":\"Tubi per Aerotermi | Be. Tube Srl\",\"isPartOf\":{\"@id\":\"https:\/\/betubesrl.com\/#website\"},\"datePublished\":\"2023-06-20T13:11:29+00:00\",\"dateModified\":\"2024-02-12T15:30:38+00:00\",\"description\":\"Be.Tube Srl ha brevettato un metodo innovativo per la produzione di tubi per aerotermi (air cooler). Visita il nostro sito!\",\"inLanguage\":\"it-IT\",\"potentialAction\":[{\"@type\":\"ReadAction\",\"target\":[\"https:\/\/betubesrl.com\/it\/tubi-per-aerotermi\/\"]}]},{\"@type\":\"WebSite\",\"@id\":\"https:\/\/betubesrl.com\/#website\",\"url\":\"https:\/\/betubesrl.com\/\",\"name\":\"Be.Tube\",\"description\":\"Produzione di tubi bimetallici e alettati\",\"publisher\":{\"@id\":\"https:\/\/betubesrl.com\/#organization\"},\"potentialAction\":[{\"@type\":\"SearchAction\",\"target\":{\"@type\":\"EntryPoint\",\"urlTemplate\":\"https:\/\/betubesrl.com\/?s={search_term_string}\"},\"query-input\":\"required name=search_term_string\"}],\"inLanguage\":\"it-IT\"},{\"@type\":\"Organization\",\"@id\":\"https:\/\/betubesrl.com\/#organization\",\"name\":\"Be.Tube\",\"url\":\"https:\/\/betubesrl.com\/\",\"logo\":{\"@type\":\"ImageObject\",\"inLanguage\":\"it-IT\",\"@id\":\"https:\/\/betubesrl.com\/#\/schema\/logo\/image\/\",\"url\":\"https:\/\/betubesrl.com\/wp-content\/uploads\/2023\/03\/be-tube-logo.png\",\"contentUrl\":\"https:\/\/betubesrl.com\/wp-content\/uploads\/2023\/03\/be-tube-logo.png\",\"width\":1000,\"height\":500,\"caption\":\"Be.Tube\"},\"image\":{\"@id\":\"https:\/\/betubesrl.com\/#\/schema\/logo\/image\/\"}}]}<\/script>\n<!-- \/ Yoast SEO plugin. -->","yoast_head_json":{"title":"Tubi per Aerotermi | Be. Tube Srl","description":"Be.Tube Srl ha brevettato un metodo innovativo per la produzione di tubi per aerotermi (air cooler). Visita il nostro sito!","robots":{"index":"index","follow":"follow","max-snippet":"max-snippet:-1","max-image-preview":"max-image-preview:large","max-video-preview":"max-video-preview:-1"},"canonical":"https:\/\/betubesrl.com\/it\/tubi-per-aerotermi\/","og_locale":"it_IT","og_type":"article","og_title":"Tubi per Aerotermi | Be. Tube Srl","og_description":"Be.Tube Srl ha brevettato un metodo innovativo per la produzione di tubi per aerotermi (air cooler). Visita il nostro sito!","og_url":"https:\/\/betubesrl.com\/it\/tubi-per-aerotermi\/","og_site_name":"Be.Tube","article_modified_time":"2024-02-12T15:30:38+00:00","og_image":[{"url":"http:\/\/betubesrl.com\/wp-content\/uploads\/2023\/06\/air-cooler-immagine.jpg"}],"twitter_card":"summary_large_image","twitter_misc":{"Tempo di lettura stimato":"3 minuti"},"schema":{"@context":"https:\/\/schema.org","@graph":[{"@type":"WebPage","@id":"https:\/\/betubesrl.com\/it\/tubi-per-aerotermi\/","url":"https:\/\/betubesrl.com\/it\/tubi-per-aerotermi\/","name":"Tubi per Aerotermi | Be. Tube Srl","isPartOf":{"@id":"https:\/\/betubesrl.com\/#website"},"datePublished":"2023-06-20T13:11:29+00:00","dateModified":"2024-02-12T15:30:38+00:00","description":"Be.Tube Srl ha brevettato un metodo innovativo per la produzione di tubi per aerotermi (air cooler). Visita il nostro sito!","inLanguage":"it-IT","potentialAction":[{"@type":"ReadAction","target":["https:\/\/betubesrl.com\/it\/tubi-per-aerotermi\/"]}]},{"@type":"WebSite","@id":"https:\/\/betubesrl.com\/#website","url":"https:\/\/betubesrl.com\/","name":"Be.Tube","description":"Produzione di tubi bimetallici e alettati","publisher":{"@id":"https:\/\/betubesrl.com\/#organization"},"potentialAction":[{"@type":"SearchAction","target":{"@type":"EntryPoint","urlTemplate":"https:\/\/betubesrl.com\/?s={search_term_string}"},"query-input":"required name=search_term_string"}],"inLanguage":"it-IT"},{"@type":"Organization","@id":"https:\/\/betubesrl.com\/#organization","name":"Be.Tube","url":"https:\/\/betubesrl.com\/","logo":{"@type":"ImageObject","inLanguage":"it-IT","@id":"https:\/\/betubesrl.com\/#\/schema\/logo\/image\/","url":"https:\/\/betubesrl.com\/wp-content\/uploads\/2023\/03\/be-tube-logo.png","contentUrl":"https:\/\/betubesrl.com\/wp-content\/uploads\/2023\/03\/be-tube-logo.png","width":1000,"height":500,"caption":"Be.Tube"},"image":{"@id":"https:\/\/betubesrl.com\/#\/schema\/logo\/image\/"}}]}},"_links":{"self":[{"href":"https:\/\/betubesrl.com\/it\/wp-json\/wp\/v2\/pages\/5620"}],"collection":[{"href":"https:\/\/betubesrl.com\/it\/wp-json\/wp\/v2\/pages"}],"about":[{"href":"https:\/\/betubesrl.com\/it\/wp-json\/wp\/v2\/types\/page"}],"author":[{"embeddable":true,"href":"https:\/\/betubesrl.com\/it\/wp-json\/wp\/v2\/users\/1"}],"replies":[{"embeddable":true,"href":"https:\/\/betubesrl.com\/it\/wp-json\/wp\/v2\/comments?post=5620"}],"version-history":[{"count":4,"href":"https:\/\/betubesrl.com\/it\/wp-json\/wp\/v2\/pages\/5620\/revisions"}],"predecessor-version":[{"id":5626,"href":"https:\/\/betubesrl.com\/it\/wp-json\/wp\/v2\/pages\/5620\/revisions\/5626"}],"wp:attachment":[{"href":"https:\/\/betubesrl.com\/it\/wp-json\/wp\/v2\/media?parent=5620"}],"curies":[{"name":"wp","href":"https:\/\/api.w.org\/{rel}","templated":true}]}}