{"id":5609,"date":"2023-06-20T15:22:50","date_gmt":"2023-06-20T13:22:50","guid":{"rendered":"http:\/\/betubesrl.com\/wound-finned-tubes\/"},"modified":"2024-02-12T16:32:01","modified_gmt":"2024-02-12T15:32:01","slug":"tubi-ad-aletta-riportata","status":"publish","type":"page","link":"https:\/\/betubesrl.com\/it\/tubi-ad-aletta-riportata\/","title":{"rendered":"Tubi ad aletta riportata"},"content":{"rendered":"\t\t<div data-elementor-type=\"wp-page\" data-elementor-id=\"5609\" class=\"elementor elementor-5609 elementor-5080\">\n\t\t\t\t\t\t\t\t\t<section class=\"elementor-section elementor-top-section elementor-element elementor-element-7386719 elementor-section-boxed elementor-section-height-default elementor-section-height-default wpr-particle-no wpr-jarallax-no wpr-parallax-no wpr-sticky-section-no\" data-id=\"7386719\" data-element_type=\"section\">\n\t\t\t\t\t\t<div class=\"elementor-container elementor-column-gap-default\">\n\t\t\t\t\t<div class=\"elementor-column elementor-col-100 elementor-top-column elementor-element elementor-element-90a4baa\" data-id=\"90a4baa\" data-element_type=\"column\">\n\t\t\t<div class=\"elementor-widget-wrap elementor-element-populated\">\n\t\t\t\t\t\t\t\t<div class=\"elementor-element elementor-element-591e941 elementor-widget elementor-widget-heading\" data-id=\"591e941\" data-element_type=\"widget\" data-widget_type=\"heading.default\">\n\t\t\t\t<div class=\"elementor-widget-container\">\n\t\t\t<h2 class=\"elementor-heading-title elementor-size-default\">Tubi ad aletta riportata<\/h2>\t\t<\/div>\n\t\t\t\t<\/div>\n\t\t\t\t\t<\/div>\n\t\t<\/div>\n\t\t\t\t\t\t\t<\/div>\n\t\t<\/section>\n\t\t\t\t<section class=\"elementor-section elementor-top-section elementor-element elementor-element-aacc58c elementor-section-boxed elementor-section-height-default elementor-section-height-default wpr-particle-no wpr-jarallax-no wpr-parallax-no wpr-sticky-section-no\" data-id=\"aacc58c\" data-element_type=\"section\">\n\t\t\t\t\t\t<div class=\"elementor-container elementor-column-gap-default\">\n\t\t\t\t\t<div class=\"elementor-column elementor-col-50 elementor-top-column elementor-element elementor-element-f9053be\" data-id=\"f9053be\" data-element_type=\"column\">\n\t\t\t<div class=\"elementor-widget-wrap elementor-element-populated\">\n\t\t\t\t\t\t\t\t<div class=\"elementor-element elementor-element-f2af545 elementor-widget elementor-widget-text-editor\" data-id=\"f2af545\" data-element_type=\"widget\" data-widget_type=\"text-editor.default\">\n\t\t\t\t<div class=\"elementor-widget-container\">\n\t\t\t\t\t\t\t<p>I tubi ad aletta riportata (G-fin; L-fin; LL-fin: KL-fin; Extruded-fin), noti anche come tubi alettati zigrinati o tubi alettati integrali, sono un tipo specializzato di tubi alettati utilizzati nei raffreddatori ad aria, nell&#8217;olio lubrificante refrigeratori e scambiatori di calore. Sono progettati per migliorare le prestazioni di trasferimento del calore e sono comunemente utilizzati in applicazioni in cui sono cruciali l&#8217;elevata efficienza termica e il design compatto.<\/p><p>I tubi ad aletta riportata (G-fin; L-fin; LL-fin: KL-fin; Extruded-fin) sono costituiti da un tubo liscio con alette fissate integralmente alla superficie del tubo. A differenza delle alette esterne, dove le alette sono fissate esternamente, le alette integrali sono formate mediante un processo di formatura a freddo che crea delle scanalature sulla superficie esterna del tubo, che vengono poi deformate per formare le alette. Questo design integrale fornisce un legame pi\u00f9 forte tra il tubo e l&#8217;aletta, con conseguenti migliori caratteristiche di trasferimento del calore.\u00a0<\/p>\t\t\t\t\t\t<\/div>\n\t\t\t\t<\/div>\n\t\t\t\t\t<\/div>\n\t\t<\/div>\n\t\t\t\t<div class=\"elementor-column elementor-col-50 elementor-top-column elementor-element elementor-element-a22307d\" data-id=\"a22307d\" data-element_type=\"column\">\n\t\t\t<div class=\"elementor-widget-wrap elementor-element-populated\">\n\t\t\t\t\t\t\t\t<div class=\"elementor-element elementor-element-07b1095 elementor-widget elementor-widget-image\" data-id=\"07b1095\" data-element_type=\"widget\" data-widget_type=\"image.default\">\n\t\t\t\t<div class=\"elementor-widget-container\">\n\t\t\t\t\t\t\t\t\t\t\t\t\t\t\t<img decoding=\"async\" width=\"800\" height=\"800\" src=\"https:\/\/betubesrl.com\/wp-content\/uploads\/2023\/06\/wounded-immagine.jpg\" class=\"attachment-large size-large wp-image-5186\" alt=\"\" srcset=\"https:\/\/betubesrl.com\/wp-content\/uploads\/2023\/06\/wounded-immagine.jpg 800w, https:\/\/betubesrl.com\/wp-content\/uploads\/2023\/06\/wounded-immagine-300x300.jpg 300w, https:\/\/betubesrl.com\/wp-content\/uploads\/2023\/06\/wounded-immagine-150x150.jpg 150w, https:\/\/betubesrl.com\/wp-content\/uploads\/2023\/06\/wounded-immagine-768x768.jpg 768w, https:\/\/betubesrl.com\/wp-content\/uploads\/2023\/06\/wounded-immagine-540x540.jpg 540w, https:\/\/betubesrl.com\/wp-content\/uploads\/2023\/06\/wounded-immagine-240x240.jpg 240w\" sizes=\"(max-width: 800px) 100vw, 800px\" \/>\t\t\t\t\t\t\t\t\t\t\t\t\t\t\t<\/div>\n\t\t\t\t<\/div>\n\t\t\t\t\t<\/div>\n\t\t<\/div>\n\t\t\t\t\t\t\t<\/div>\n\t\t<\/section>\n\t\t\t\t<section class=\"elementor-section elementor-top-section elementor-element elementor-element-6d13d4f elementor-section-boxed elementor-section-height-default elementor-section-height-default wpr-particle-no wpr-jarallax-no wpr-parallax-no wpr-sticky-section-no\" data-id=\"6d13d4f\" data-element_type=\"section\">\n\t\t\t\t\t\t<div class=\"elementor-container elementor-column-gap-default\">\n\t\t\t\t\t<div class=\"elementor-column elementor-col-100 elementor-top-column elementor-element elementor-element-4681ea8\" data-id=\"4681ea8\" data-element_type=\"column\">\n\t\t\t<div class=\"elementor-widget-wrap elementor-element-populated\">\n\t\t\t\t\t\t\t\t<div class=\"elementor-element elementor-element-93e5f7d elementor-widget elementor-widget-heading\" data-id=\"93e5f7d\" data-element_type=\"widget\" data-widget_type=\"heading.default\">\n\t\t\t\t<div class=\"elementor-widget-container\">\n\t\t\t<h5 class=\"elementor-heading-title elementor-size-default\">Quali sono i vantaggi dei tubi ad aletta riportata?<\/h5>\t\t<\/div>\n\t\t\t\t<\/div>\n\t\t\t\t\t<\/div>\n\t\t<\/div>\n\t\t\t\t\t\t\t<\/div>\n\t\t<\/section>\n\t\t\t\t<section class=\"elementor-section elementor-top-section elementor-element elementor-element-423e72f elementor-section-boxed elementor-section-height-default elementor-section-height-default wpr-particle-no wpr-jarallax-no wpr-parallax-no wpr-sticky-section-no\" data-id=\"423e72f\" data-element_type=\"section\">\n\t\t\t\t\t\t<div class=\"elementor-container elementor-column-gap-default\">\n\t\t\t\t\t<div class=\"elementor-column elementor-col-100 elementor-top-column elementor-element elementor-element-a3e1fa4\" data-id=\"a3e1fa4\" data-element_type=\"column\">\n\t\t\t<div class=\"elementor-widget-wrap elementor-element-populated\">\n\t\t\t\t\t\t\t\t<div class=\"elementor-element elementor-element-773dc8c elementor-widget elementor-widget-text-editor\" data-id=\"773dc8c\" data-element_type=\"widget\" data-widget_type=\"text-editor.default\">\n\t\t\t\t<div class=\"elementor-widget-container\">\n\t\t\t\t\t\t\t<ol><li><strong>Incremento del trasferimento di calore<\/strong>: le alette integrali aumentano la superficie disponibile per lo scambio di calore, migliorando l&#8217;efficienza complessiva del trasferimento di calore del tubo. Ci\u00f2 consente migliori prestazioni di raffreddamento o riscaldamento nei radiatori dell&#8217;aria, nei radiatori dell&#8217;olio lubrificante e negli scambiatori di calore.\u00a0<\/li><li><strong>Design<\/strong> <strong>compatto<\/strong>: i tubi ad aletta riportata (G-fin; L-fin; LL-fin: KL-fin; Extruded-fin) offrono una superficie maggiore per unit\u00e0 di lunghezza rispetto ai tubi lisci, consentendo un uso pi\u00f9 efficiente dello spazio. Ci\u00f2 \u00e8 particolarmente vantaggioso nelle applicazioni in cui lo spazio \u00e8 limitato o \u00e8 richiesto un design compatto.<\/li><li><strong>Maggiore resistenza meccanica<\/strong>: le alette integrali sono strettamente vincolate al tubo, con conseguente maggiore resistenza meccanica e resistenza alle vibrazioni e allo stress termico. Ci\u00f2 rende i tubi ad aletta riportata adatti per applicazioni con fluidi ad alta pressione o ad alta velocit\u00e0.<\/li><li><strong>Riduzione delle incrostazioni<\/strong>: la presenza di alette integrali pu\u00f2 interrompere il flusso del fluido, riducendo la probabilit\u00e0 di incrostazioni prevenendo l&#8217;accumulo di depositi sulla superficie del tubo. Ci\u00f2 migliora le prestazioni e l\u2019efficienza a lungo termine dello scambiatore di calore.<\/li><li><strong>Ampia gamma di opzioni di materiali<\/strong>: i tubi ad aletta riportata possono essere prodotti utilizzando vari materiali come acciaio al carbonio, acciaio inossidabile, rame e alluminio, consentendo la compatibilit\u00e0 con diversi fluidi e condizioni operative.<\/li><\/ol><p>Nel complesso, i tubi ad aletta riportata (G-fin; L-fin; LL-fin: KL-fin; Extruded-fin) offrono una soluzione efficiente e salva-spazio per radiatori dell&#8217;aria, radiatori dell&#8217;olio lubrificante e scambiatori di calore. Il design delle alette integrali fornisce migliori prestazioni di trasferimento del calore, resistenza meccanica e resistenza alle incrostazioni, rendendoli una scelta popolare in molte applicazioni industriali.\u00a0<\/p>\t\t\t\t\t\t<\/div>\n\t\t\t\t<\/div>\n\t\t\t\t\t<\/div>\n\t\t<\/div>\n\t\t\t\t\t\t\t<\/div>\n\t\t<\/section>\n\t\t\t\t\t\t\t<\/div>\n\t\t","protected":false},"excerpt":{"rendered":"<p>Tubi ad aletta riportata I tubi ad aletta riportata (G-fin; L-fin; LL-fin: KL-fin; Extruded-fin), noti anche come tubi alettati zigrinati o tubi alettati integrali, sono un tipo specializzato di tubi alettati utilizzati nei raffreddatori ad aria, nell&#8217;olio lubrificante refrigeratori e scambiatori di calore. Sono progettati per migliorare le prestazioni di trasferimento del calore e sono [&hellip;]<\/p>\n","protected":false},"author":1,"featured_media":0,"parent":0,"menu_order":0,"comment_status":"closed","ping_status":"closed","template":"","meta":{"footnotes":""},"yoast_head":"<!-- This site is optimized with the Yoast SEO plugin v20.8 - https:\/\/yoast.com\/wordpress\/plugins\/seo\/ -->\n<title>Tubi ad aletta riportata | Be. Tube Srl<\/title>\n<meta name=\"description\" content=\"I tubi ad aletta riportata sono un tipo particolare di tubo alettato utilizzato nei raffreddatori d&#039;aria. Scopri di pi\u00f9!\" \/>\n<meta name=\"robots\" content=\"index, follow, max-snippet:-1, max-image-preview:large, max-video-preview:-1\" \/>\n<link rel=\"canonical\" href=\"https:\/\/betubesrl.com\/it\/tubi-ad-aletta-riportata\/\" \/>\n<meta property=\"og:locale\" content=\"it_IT\" \/>\n<meta property=\"og:type\" content=\"article\" \/>\n<meta property=\"og:title\" content=\"Tubi ad aletta riportata | Be. Tube Srl\" \/>\n<meta property=\"og:description\" content=\"I tubi ad aletta riportata sono un tipo particolare di tubo alettato utilizzato nei raffreddatori d&#039;aria. Scopri di pi\u00f9!\" \/>\n<meta property=\"og:url\" content=\"https:\/\/betubesrl.com\/it\/tubi-ad-aletta-riportata\/\" \/>\n<meta property=\"og:site_name\" content=\"Be.Tube\" \/>\n<meta property=\"article:modified_time\" content=\"2024-02-12T15:32:01+00:00\" \/>\n<meta property=\"og:image\" content=\"http:\/\/betubesrl.com\/wp-content\/uploads\/2023\/06\/wounded-immagine.jpg\" \/>\n<meta name=\"twitter:card\" content=\"summary_large_image\" \/>\n<meta name=\"twitter:label1\" content=\"Tempo di lettura stimato\" \/>\n\t<meta name=\"twitter:data1\" content=\"3 minuti\" \/>\n<script type=\"application\/ld+json\" class=\"yoast-schema-graph\">{\"@context\":\"https:\/\/schema.org\",\"@graph\":[{\"@type\":\"WebPage\",\"@id\":\"https:\/\/betubesrl.com\/it\/tubi-ad-aletta-riportata\/\",\"url\":\"https:\/\/betubesrl.com\/it\/tubi-ad-aletta-riportata\/\",\"name\":\"Tubi ad aletta riportata | Be. Tube Srl\",\"isPartOf\":{\"@id\":\"https:\/\/betubesrl.com\/#website\"},\"datePublished\":\"2023-06-20T13:22:50+00:00\",\"dateModified\":\"2024-02-12T15:32:01+00:00\",\"description\":\"I tubi ad aletta riportata sono un tipo particolare di tubo alettato utilizzato nei raffreddatori d'aria. Scopri di pi\u00f9!\",\"inLanguage\":\"it-IT\",\"potentialAction\":[{\"@type\":\"ReadAction\",\"target\":[\"https:\/\/betubesrl.com\/it\/tubi-ad-aletta-riportata\/\"]}]},{\"@type\":\"WebSite\",\"@id\":\"https:\/\/betubesrl.com\/#website\",\"url\":\"https:\/\/betubesrl.com\/\",\"name\":\"Be.Tube\",\"description\":\"Produzione di tubi bimetallici e alettati\",\"publisher\":{\"@id\":\"https:\/\/betubesrl.com\/#organization\"},\"potentialAction\":[{\"@type\":\"SearchAction\",\"target\":{\"@type\":\"EntryPoint\",\"urlTemplate\":\"https:\/\/betubesrl.com\/?s={search_term_string}\"},\"query-input\":\"required name=search_term_string\"}],\"inLanguage\":\"it-IT\"},{\"@type\":\"Organization\",\"@id\":\"https:\/\/betubesrl.com\/#organization\",\"name\":\"Be.Tube\",\"url\":\"https:\/\/betubesrl.com\/\",\"logo\":{\"@type\":\"ImageObject\",\"inLanguage\":\"it-IT\",\"@id\":\"https:\/\/betubesrl.com\/#\/schema\/logo\/image\/\",\"url\":\"https:\/\/betubesrl.com\/wp-content\/uploads\/2023\/03\/be-tube-logo.png\",\"contentUrl\":\"https:\/\/betubesrl.com\/wp-content\/uploads\/2023\/03\/be-tube-logo.png\",\"width\":1000,\"height\":500,\"caption\":\"Be.Tube\"},\"image\":{\"@id\":\"https:\/\/betubesrl.com\/#\/schema\/logo\/image\/\"}}]}<\/script>\n<!-- \/ Yoast SEO plugin. -->","yoast_head_json":{"title":"Tubi ad aletta riportata | Be. Tube Srl","description":"I tubi ad aletta riportata sono un tipo particolare di tubo alettato utilizzato nei raffreddatori d'aria. Scopri di pi\u00f9!","robots":{"index":"index","follow":"follow","max-snippet":"max-snippet:-1","max-image-preview":"max-image-preview:large","max-video-preview":"max-video-preview:-1"},"canonical":"https:\/\/betubesrl.com\/it\/tubi-ad-aletta-riportata\/","og_locale":"it_IT","og_type":"article","og_title":"Tubi ad aletta riportata | Be. Tube Srl","og_description":"I tubi ad aletta riportata sono un tipo particolare di tubo alettato utilizzato nei raffreddatori d'aria. Scopri di pi\u00f9!","og_url":"https:\/\/betubesrl.com\/it\/tubi-ad-aletta-riportata\/","og_site_name":"Be.Tube","article_modified_time":"2024-02-12T15:32:01+00:00","og_image":[{"url":"http:\/\/betubesrl.com\/wp-content\/uploads\/2023\/06\/wounded-immagine.jpg"}],"twitter_card":"summary_large_image","twitter_misc":{"Tempo di lettura stimato":"3 minuti"},"schema":{"@context":"https:\/\/schema.org","@graph":[{"@type":"WebPage","@id":"https:\/\/betubesrl.com\/it\/tubi-ad-aletta-riportata\/","url":"https:\/\/betubesrl.com\/it\/tubi-ad-aletta-riportata\/","name":"Tubi ad aletta riportata | Be. Tube Srl","isPartOf":{"@id":"https:\/\/betubesrl.com\/#website"},"datePublished":"2023-06-20T13:22:50+00:00","dateModified":"2024-02-12T15:32:01+00:00","description":"I tubi ad aletta riportata sono un tipo particolare di tubo alettato utilizzato nei raffreddatori d'aria. Scopri di pi\u00f9!","inLanguage":"it-IT","potentialAction":[{"@type":"ReadAction","target":["https:\/\/betubesrl.com\/it\/tubi-ad-aletta-riportata\/"]}]},{"@type":"WebSite","@id":"https:\/\/betubesrl.com\/#website","url":"https:\/\/betubesrl.com\/","name":"Be.Tube","description":"Produzione di tubi bimetallici e alettati","publisher":{"@id":"https:\/\/betubesrl.com\/#organization"},"potentialAction":[{"@type":"SearchAction","target":{"@type":"EntryPoint","urlTemplate":"https:\/\/betubesrl.com\/?s={search_term_string}"},"query-input":"required name=search_term_string"}],"inLanguage":"it-IT"},{"@type":"Organization","@id":"https:\/\/betubesrl.com\/#organization","name":"Be.Tube","url":"https:\/\/betubesrl.com\/","logo":{"@type":"ImageObject","inLanguage":"it-IT","@id":"https:\/\/betubesrl.com\/#\/schema\/logo\/image\/","url":"https:\/\/betubesrl.com\/wp-content\/uploads\/2023\/03\/be-tube-logo.png","contentUrl":"https:\/\/betubesrl.com\/wp-content\/uploads\/2023\/03\/be-tube-logo.png","width":1000,"height":500,"caption":"Be.Tube"},"image":{"@id":"https:\/\/betubesrl.com\/#\/schema\/logo\/image\/"}}]}},"_links":{"self":[{"href":"https:\/\/betubesrl.com\/it\/wp-json\/wp\/v2\/pages\/5609"}],"collection":[{"href":"https:\/\/betubesrl.com\/it\/wp-json\/wp\/v2\/pages"}],"about":[{"href":"https:\/\/betubesrl.com\/it\/wp-json\/wp\/v2\/types\/page"}],"author":[{"embeddable":true,"href":"https:\/\/betubesrl.com\/it\/wp-json\/wp\/v2\/users\/1"}],"replies":[{"embeddable":true,"href":"https:\/\/betubesrl.com\/it\/wp-json\/wp\/v2\/comments?post=5609"}],"version-history":[{"count":6,"href":"https:\/\/betubesrl.com\/it\/wp-json\/wp\/v2\/pages\/5609\/revisions"}],"predecessor-version":[{"id":6235,"href":"https:\/\/betubesrl.com\/it\/wp-json\/wp\/v2\/pages\/5609\/revisions\/6235"}],"wp:attachment":[{"href":"https:\/\/betubesrl.com\/it\/wp-json\/wp\/v2\/media?parent=5609"}],"curies":[{"name":"wp","href":"https:\/\/api.w.org\/{rel}","templated":true}]}}